{"id":3,"date":"2021-08-19T08:44:32","date_gmt":"2021-08-19T08:44:32","guid":{"rendered":"http:\/\/www.ncorka.hr\/?page_id=3"},"modified":"2021-10-07T18:57:28","modified_gmt":"2021-10-07T16:57:28","slug":"privacy-policy","status":"publish","type":"page","link":"https:\/\/ncorka.hr\/index.php\/privacy-policy\/","title":{"rendered":"Privacy Policy"},"content":{"rendered":"<div class=\"fusion-fullwidth fullwidth-box fusion-builder-row-1 fusion-flex-container nonhundred-percent-fullwidth non-hundred-percent-height-scrolling\" style=\"--awb-border-radius-top-left:0px;--awb-border-radius-top-right:0px;--awb-border-radius-bottom-right:0px;--awb-border-radius-bottom-left:0px;--awb-flex-wrap:wrap;\" ><div class=\"fusion-builder-row fusion-row fusion-flex-align-items-flex-start fusion-flex-content-wrap\" style=\"max-width:104%;margin-left: calc(-4% \/ 2 );margin-right: calc(-4% \/ 2 );\"><div class=\"fusion-layout-column fusion_builder_column fusion-builder-column-0 fusion_builder_column_1_1 1_1 fusion-flex-column\" style=\"--awb-bg-size:cover;--awb-width-large:100%;--awb-margin-top-large:0px;--awb-spacing-right-large:1.92%;--awb-margin-bottom-large:0px;--awb-spacing-left-large:1.92%;--awb-width-medium:100%;--awb-spacing-right-medium:1.92%;--awb-spacing-left-medium:1.92%;--awb-width-small:100%;--awb-spacing-right-small:1.92%;--awb-spacing-left-small:1.92%;\"><div class=\"fusion-column-wrapper fusion-flex-justify-content-flex-start fusion-content-layout-column\"><div class=\"fusion-title title fusion-title-1 fusion-title-center fusion-title-text fusion-title-size-one\"><div class=\"title-sep-container title-sep-container-left\"><div class=\"title-sep sep- sep-solid\" style=\"border-color:#e0dede;\"><\/div><\/div><span class=\"awb-title-spacer\"><\/span><h1 class=\"fusion-title-heading title-heading-center fusion-responsive-typography-calculated\" style=\"margin:0;--fontSize:72;line-height:1.28;\">Op\u0107i uvjeti poslovanja i pravila privatnosti<\/h1><span class=\"awb-title-spacer\"><\/span><div class=\"title-sep-container title-sep-container-right\"><div class=\"title-sep sep- sep-solid\" style=\"border-color:#e0dede;\"><\/div><\/div><\/div><div class=\"fusion-text fusion-text-1\"><p><span style=\"font-weight: 400;\">Vlasnik web stranice NAUTI\u010cKI CENTAR ORKA d.o.o.<\/span><\/p>\n<p><span style=\"font-weight: 400;\">&#8211; po\u0161tuje privatnost posjetitelja svoje web stranice, posebno njihova prava u vezi s automatskom obradom osobnih podataka. Stoga smo s na\u0161im kupcima formulirali i proveli politiku potpune transparentnosti u vezi s obradom osobnih podataka, njihovom svrhom i mogu\u0107nostima da na najbolji mogu\u0107i na\u010din ostvarite svoja zakonska prava.<\/span><\/p>\n<p><span style=\"font-weight: 400;\">Dok ne prihvatite upotrebu kola\u010di\u0107a i drugih ure\u0111aja za pra\u0107enje, ne\u0107emo stavljati analiti\u010dke kola\u010di\u0107e i \/ ili kola\u010di\u0107e za pra\u0107enje na va\u0161e ra\u010dunalo, mobitel ili tablet.<\/span><\/p>\n<p><span style=\"font-weight: 400;\">Nastavkom posjeta ovom web mjestu prihva\u0107ate ove uvjete kori\u0161tenja i prihva\u0107ate upotrebu kola\u010di\u0107a i drugih sustava pra\u0107enja, osim ako nismo osigurali drugi na\u010din prihva\u0107anja kola\u010di\u0107a na na\u0161oj web stranici.<\/span><\/p>\n<p><span style=\"font-weight: 400;\">Ovi su Op\u0107i uvjeti sastavni dio ugovora izme\u0111u NAUTI\u010cKI CENTAR ORKA d.o.o., <\/span><span style=\"font-weight: 400;\">ARTINA 13\/A, 22211 Vodice, OIB: 25937023439 (dolje napisano kao ncorka.hr) i kupca \/ klijenta te definira prava i obveze svih uklju\u010denih strana.<\/span><\/p>\n<h3 class=\"wp-block-heading\"><span style=\"font-weight: 400;\">1. Sadr\u017eaj politike privatnosti<\/span><\/h3>\n<p><span style=\"font-weight: 400;\">Va\u0161a adresa e-po\u0161te i preostali podaci ne\u0107e se prodavati, iznajmljivati \u200b\u200bili stavljati na raspolaganje bilo kojoj tre\u0107oj strani izvan ncorka.hr bez va\u0161eg pristanka, jer je suprotno na\u0161em pravilima o privatnosti. ncorka.hr je strog u svojoj politici &#8220;bez ne\u017eeljene po\u0161te&#8221;. Tra\u017eimo va\u0161u posebnu suglasnost za dopu\u0161tenje ako \u017eelite da vas kontaktiramo u vezi s posebnim ponudama i radnjama. ncorka.hr nije odgovoran za slu\u010dajne pogre\u0161ke ili zbog drugih objektivnih okolnosti koje bi mogle slu\u010dajno prekr\u0161iti jamstvenu za\u0161titu va\u0161ih podataka, ali jam\u010di da \u0107e pogre\u0161ka biti ispravljena u najve\u0107oj mjeri \u0161to je prije mogu\u0107e.<\/span><\/p>\n<h3><span style=\"font-weight: 400;\">2. Kola\u010di\u0107i i on-line tehnologije<\/span><\/h3>\n<p><span style=\"font-weight: 400;\">Kao i na mnogim drugim web mjestima, na\u0161a web lokacija mo\u017ee koristiti &#8220;kola\u010di\u0107e&#8221; ili druge tehnologije kako bi nam pomogla u isporuci sadr\u017eaja specifi\u010dnog za va\u0161e interese, obradi va\u0161ih rezervacija ili zahtjeva i \/ ili analiziranju va\u0161ih obrazaca posje\u0107ivanja. Kola\u010di\u0107i se sami po sebi ne mogu koristiti za otkrivanje va\u0161eg osobnog identiteta. Ovi podaci identificiraju va\u0161 preglednik, ali ne i vas, na na\u0161im poslu\u017eiteljima kada posjetite na\u0161u stranicu. Ako \u017eelite ukloniti ili blokirati kola\u010di\u0107e u bilo kojem trenutku sa svog ra\u010dunala, mo\u017eete a\u017eurirati postavke preglednika (u izborniku &#8220;Pomo\u0107&#8221; preglednika saznajte kako blokirati kola\u010di\u0107e). Tako\u0111er mo\u017eemo prikupljati podatke pomo\u0107u &#8220;pikselnih oznaka&#8221;, &#8220;web-svjetionika&#8221;, &#8220;jasnih GIF-ova&#8221; ili sli\u010dnih sredstava (zajedno &#8220;pikselnih oznaka&#8221;) koja nam omogu\u0107uju da znamo kada posjetite na\u0161u web stranicu i da razumijemo kako komunicirate s mailova ili reklama.<\/span><\/p>\n<h3><span style=\"font-weight: 400;\">3. Za\u0161tita osobnih podataka djece<\/span><\/h3>\n<p><span style=\"font-weight: 400;\">ncorka.hr savjetuje roditelje i staratelje da nau\u010de svoju djecu va\u017enosti odgovornosti pri radu s osobnim podacima na Internetu. ncorka.hr ne \u017eeli prikupljati i ne namjerava prikupljati osobne podatke osoba mla\u0111ih od 14 godina. Svi prikupljeni podaci ne\u0107e se koristiti niti prenijeti tre\u0107oj strani, osim u slu\u010dajevima koji uklju\u010duju promotivne igre na Internetu . Takve informacije potrebne za kontaktiranje osoba putem Interneta koristit \u0107e se, bez pristanka roditelja, samo kao izravan odgovor na djetetov zahtjev i ne\u0107e se koristiti u bilo koju drugu svrhu. Ne prikupljamo osobne podatke u svrhu kontaktiranja pojedinaca izvan Interneta, osim u slu\u010dajevima koji uklju\u010duju nagradne cijene, a tek tada uz pristanak roditelja. Ne odajemo nikakve osobne podatke tre\u0107im stranama bez pristanka roditelja; Ne dopu\u0161tamo djeci da bez roditeljskog pristanka javno objavljuju ili na bilo koji na\u010din distribuiraju osobne podatke koji su nam poslani kao kontakt podaci, niti poti\u010demo djecu u svrhu sudjelovanja u natje\u010daju ili drugoj aktivnosti da otkriju vi\u0161e informacije potrebne za sudjelovanje u spomenutoj aktivnosti. U slu\u010dajevima kada dijete mla\u0111e od 14 godina ispunjava uvjete za sudjelovanje u natje\u010daju, prvo tra\u017eimo da doti\u010dno dijete dobije pristanak roditelja ili zakonskog skrbnika, kao i da po\u0161alje adrese e-po\u0161te svojih roditelja ili skrbnika . U slu\u010daju da je dijete mla\u0111e od 14 godina dobitnik nagradne igre, roditelji ili staratelji o tome se obavje\u0161tavaju e-po\u0161tom, telefonom ili u pisanom obliku. Osobni podaci djece izbrisat \u0107e se iz na\u0161e baze podataka ako roditelj ili skrbnik zatra\u017ei da to u\u010dinimo. Kao roditelj ili skrbnik zadr\u017eavate pravo zatra\u017eiti uvid u sve osobne podatke u vezi s va\u0161im djetetom koje smo dobili na bilo kojem od na\u0161ih web mjesta. Tako\u0111er mo\u017eete zatra\u017eiti uklanjanje podataka (ukoliko ti podaci i dalje postoje u na\u0161oj bazi podataka) i \/ ili zabraniti bilo kakvo prikupljanje ili upotrebu podataka o va\u0161em djetetu u budu\u0107nosti. Ako ste roditelj koji bi \u017eelio ostvariti to pravo, kontaktirajte nas. Osim spomenutog, ncorka.hr jam\u010di za\u0161titu osobnih podataka djece u skladu sa zakonskim propisima koji se odnose na ovo pitanje.<\/span><\/p>\n<h3><span style=\"font-weight: 400;\">4. Promjene u informacijama<\/span><\/h3>\n<p><span style=\"font-weight: 400;\">U bilo kojem trenutku mo\u017eete nas kontaktirati radi pregleda va\u0161ih osobnih podataka, kao i izmjena, ispravka ili podataka. Dok ne primimo obavijest o promjenama, i dalje \u0107emo upotrebljavati va\u0161e izvorne podatke za kontakt.<\/span><\/p>\n<h3><span style=\"font-weight: 400;\">5. Va\u0161e dopu\u0161tenje<\/span><\/h3>\n<p><span style=\"font-weight: 400;\">Ispunjavanjem obrazaca na ovom web mjestu jam\u010dite da su navedeni podaci to\u010dni, da ste sposobni za poslovanje i da ste ovla\u0161teni pristupiti navedenim informacijama te da se u potpunosti sla\u017eete da ncorka.hr prikuplja i koristi va\u0161e osobne podatke u skladu s propisima i uvjetima na\u0161e politike privatnosti.<\/span><\/p>\n<h3><span style=\"font-weight: 400;\">6. Transparentnost<\/span><\/h3>\n<p><span style=\"font-weight: 400;\">U slu\u010daju da se izmijene na\u0161a pravila o privatnosti, objavit \u0107emo te promjene na ovom web mjestu tako da im mo\u017eete imati stalan pristup. Te \u0107e promjene vrijediti u na\u0161im odnosima kao da su postojale prije va\u0161e registracije na na\u0161oj po\u0161tanskoj listi, pod uvjetom da su u skladu s hrvatskim propisima i da vam ne ograni\u010davaju va\u0161a prava.<\/span><\/p>\n<h3><span style=\"font-weight: 400;\">7. Za\u0161tita osobnih podataka i podataka o karticama<\/span><\/h3>\n<p><span style=\"font-weight: 400;\">Izjava o za\u0161titi i prikupljanju osobnih podataka i njihovom kori\u0161tenju<\/span><\/p>\n<p><span style=\"font-weight: 400;\">ncorka.hr] obavezuje se pru\u017eati za\u0161titu osobnim podacima kupaca, na na\u010din da prikuplja samo nu\u017ene, osnovne podatke o kupcima\/ korisnicima koji su nu\u017eni za ispunjenje na\u0161ih obveza; informira kupce o na\u010dinu kori\u0161tenja prikupljenih podataka, redovito daje kupcima mogu\u0107nost izbora o upotrebi njihovih podataka, uklju\u010duju\u0107i mogu\u0107nost odluke \u017eele li ili ne da se njihovo ime ukloni s lista koje se koriste za marketin\u0161ke kampanje. Svi se podaci o korisnicima strogo \u010duvaju i dostupni su samo djelatnicima kojima su ti podaci nu\u017eni za obavljanje posla. Svi djelatnici ncorka.hr i poslovni partneri odgovorni su za po\u0161tivanje na\u010dela za\u0161tite privatnosti.<\/span><\/p>\n<p><span style=\"font-weight: 400;\">Ova web-stranica koristi kola\u010di\u0107e. Kola\u010di\u0107e upotrebljavamo kako bismo personalizirali sadr\u017eaj i oglase, omogu\u0107ili zna\u010dajke dru\u0161tvenih medija i analizirali promet. Isto tako, podatke o va\u0161oj upotrebi na\u0161e web-lokacije dijelimo s partnerima za dru\u0161tvene medije, ogla\u0161avanje i analizu, a oni ih mogu kombinirati s drugim podacima koje ste im pru\u017eili ili koje su prikupili dok ste upotrebljavali njihove usluge. Nastavkom kori\u0161tenja na\u0161ih internetskih stranica vi prihva\u0107ate na\u0161u upotrebu kola\u010di\u0107a.<\/span><\/p>\n<p><span style=\"font-weight: 400;\">Kola\u010di\u0107i su male tekstne datoteke kojima se koriste internetske stranice kako bi unaprijedile korisni\u010dko iskustvo.<\/span><\/p>\n<p><span style=\"font-weight: 400;\">Zakon dopu\u0161ta spremanje kola\u010di\u0107a na va\u0161 ure\u0111aj ako je izri\u010dito potreban za rad stranice. Za sve ostale vrste kola\u010di\u0107a potrebno nam je va\u0161e dopu\u0161tenje.<\/span><\/p>\n<p><span style=\"font-weight: 400;\">Ove stranice koriste razli\u010dite vrste kola\u010di\u0107a. Neke kola\u010di\u0107e postavljaju usluge tre\u0107ih strana koje se prikazuju na na\u0161im stranicama.<\/span><\/p>\n<p><span style=\"font-weight: 400;\">U bilo kojem trenutku mo\u017eete promijeniti ili povu\u0107i va\u0161 pristanak na Izjavu o kola\u010di\u0107ima na na\u0161im internetskim stranicama.<\/span><\/p>\n<p>&nbsp;<\/p>\n<p><span style=\"font-weight: 400;\">Va\u0161 pristanak odnosi se na sljede\u0107e domene: ncorka.hr<\/span><\/p>\n<p>&nbsp;<\/p>\n<\/div><\/div><\/div><\/div><\/div>","protected":false},"excerpt":{"rendered":"","protected":false},"author":1,"featured_media":0,"parent":0,"menu_order":0,"comment_status":"closed","ping_status":"open","template":"","meta":{"_acf_changed":false,"footnotes":""},"class_list":["post-3","page","type-page","status-publish","hentry"],"acf":[],"yoast_head":"<!-- This site is optimized with the Yoast SEO plugin v25.5 - https:\/\/yoast.com\/wordpress\/plugins\/seo\/ -->\n<title>Privacy Policy - Nauti\u010dki centar Orka<\/title>\n<meta name=\"robots\" content=\"index, follow, max-snippet:-1, max-image-preview:large, max-video-preview:-1\" \/>\n<link rel=\"canonical\" href=\"https:\/\/ncorka.hr\/index.php\/privacy-policy\/\" \/>\n<meta property=\"og:locale\" content=\"hr_HR\" \/>\n<meta property=\"og:type\" content=\"article\" \/>\n<meta property=\"og:title\" content=\"Privacy Policy - Nauti\u010dki centar Orka\" \/>\n<meta property=\"og:url\" content=\"https:\/\/ncorka.hr\/index.php\/privacy-policy\/\" \/>\n<meta property=\"og:site_name\" content=\"Nauti\u010dki centar Orka\" \/>\n<meta property=\"article:modified_time\" content=\"2021-10-07T16:57:28+00:00\" \/>\n<meta name=\"twitter:card\" content=\"summary_large_image\" \/>\n<meta name=\"twitter:label1\" content=\"Procijenjeno vrijeme \u010ditanja\" \/>\n\t<meta name=\"twitter:data1\" content=\"6 minuta\" \/>\n<script type=\"application\/ld+json\" class=\"yoast-schema-graph\">{\"@context\":\"https:\/\/schema.org\",\"@graph\":[{\"@type\":\"WebPage\",\"@id\":\"https:\/\/ncorka.hr\/index.php\/privacy-policy\/\",\"url\":\"https:\/\/ncorka.hr\/index.php\/privacy-policy\/\",\"name\":\"Privacy Policy - Nauti\u010dki centar Orka\",\"isPartOf\":{\"@id\":\"https:\/\/ncorka.hr\/#website\"},\"datePublished\":\"2021-08-19T08:44:32+00:00\",\"dateModified\":\"2021-10-07T16:57:28+00:00\",\"breadcrumb\":{\"@id\":\"https:\/\/ncorka.hr\/index.php\/privacy-policy\/#breadcrumb\"},\"inLanguage\":\"hr\",\"potentialAction\":[{\"@type\":\"ReadAction\",\"target\":[\"https:\/\/ncorka.hr\/index.php\/privacy-policy\/\"]}]},{\"@type\":\"BreadcrumbList\",\"@id\":\"https:\/\/ncorka.hr\/index.php\/privacy-policy\/#breadcrumb\",\"itemListElement\":[{\"@type\":\"ListItem\",\"position\":1,\"name\":\"Home\",\"item\":\"https:\/\/ncorka.hr\/\"},{\"@type\":\"ListItem\",\"position\":2,\"name\":\"Privacy Policy\"}]},{\"@type\":\"WebSite\",\"@id\":\"https:\/\/ncorka.hr\/#website\",\"url\":\"https:\/\/ncorka.hr\/\",\"name\":\"Nauti\u010dki centar Orka\",\"description\":\"Service and maintenance of marine engines and pents\",\"publisher\":{\"@id\":\"https:\/\/ncorka.hr\/#organization\"},\"potentialAction\":[{\"@type\":\"SearchAction\",\"target\":{\"@type\":\"EntryPoint\",\"urlTemplate\":\"https:\/\/ncorka.hr\/?s={search_term_string}\"},\"query-input\":{\"@type\":\"PropertyValueSpecification\",\"valueRequired\":true,\"valueName\":\"search_term_string\"}}],\"inLanguage\":\"hr\"},{\"@type\":\"Organization\",\"@id\":\"https:\/\/ncorka.hr\/#organization\",\"name\":\"Servis brodskih motora i penti\",\"url\":\"https:\/\/ncorka.hr\/\",\"logo\":{\"@type\":\"ImageObject\",\"inLanguage\":\"hr\",\"@id\":\"https:\/\/ncorka.hr\/#\/schema\/logo\/image\/\",\"url\":\"https:\/\/ncorka.hr\/wp-content\/uploads\/2021\/08\/orka-fav-3x.png\",\"contentUrl\":\"https:\/\/ncorka.hr\/wp-content\/uploads\/2021\/08\/orka-fav-3x.png\",\"width\":180,\"height\":180,\"caption\":\"Servis brodskih motora i penti\"},\"image\":{\"@id\":\"https:\/\/ncorka.hr\/#\/schema\/logo\/image\/\"}}]}<\/script>\n<!-- \/ Yoast SEO plugin. -->","yoast_head_json":{"title":"Privacy Policy - Nauti\u010dki centar Orka","robots":{"index":"index","follow":"follow","max-snippet":"max-snippet:-1","max-image-preview":"max-image-preview:large","max-video-preview":"max-video-preview:-1"},"canonical":"https:\/\/ncorka.hr\/index.php\/privacy-policy\/","og_locale":"hr_HR","og_type":"article","og_title":"Privacy Policy - Nauti\u010dki centar Orka","og_url":"https:\/\/ncorka.hr\/index.php\/privacy-policy\/","og_site_name":"Nauti\u010dki centar Orka","article_modified_time":"2021-10-07T16:57:28+00:00","twitter_card":"summary_large_image","twitter_misc":{"Procijenjeno vrijeme \u010ditanja":"6 minuta"},"schema":{"@context":"https:\/\/schema.org","@graph":[{"@type":"WebPage","@id":"https:\/\/ncorka.hr\/index.php\/privacy-policy\/","url":"https:\/\/ncorka.hr\/index.php\/privacy-policy\/","name":"Privacy Policy - Nauti\u010dki centar Orka","isPartOf":{"@id":"https:\/\/ncorka.hr\/#website"},"datePublished":"2021-08-19T08:44:32+00:00","dateModified":"2021-10-07T16:57:28+00:00","breadcrumb":{"@id":"https:\/\/ncorka.hr\/index.php\/privacy-policy\/#breadcrumb"},"inLanguage":"hr","potentialAction":[{"@type":"ReadAction","target":["https:\/\/ncorka.hr\/index.php\/privacy-policy\/"]}]},{"@type":"BreadcrumbList","@id":"https:\/\/ncorka.hr\/index.php\/privacy-policy\/#breadcrumb","itemListElement":[{"@type":"ListItem","position":1,"name":"Home","item":"https:\/\/ncorka.hr\/"},{"@type":"ListItem","position":2,"name":"Privacy Policy"}]},{"@type":"WebSite","@id":"https:\/\/ncorka.hr\/#website","url":"https:\/\/ncorka.hr\/","name":"Nauti\u010dki centar Orka","description":"Service and maintenance of marine engines and pents","publisher":{"@id":"https:\/\/ncorka.hr\/#organization"},"potentialAction":[{"@type":"SearchAction","target":{"@type":"EntryPoint","urlTemplate":"https:\/\/ncorka.hr\/?s={search_term_string}"},"query-input":{"@type":"PropertyValueSpecification","valueRequired":true,"valueName":"search_term_string"}}],"inLanguage":"hr"},{"@type":"Organization","@id":"https:\/\/ncorka.hr\/#organization","name":"Servis brodskih motora i penti","url":"https:\/\/ncorka.hr\/","logo":{"@type":"ImageObject","inLanguage":"hr","@id":"https:\/\/ncorka.hr\/#\/schema\/logo\/image\/","url":"https:\/\/ncorka.hr\/wp-content\/uploads\/2021\/08\/orka-fav-3x.png","contentUrl":"https:\/\/ncorka.hr\/wp-content\/uploads\/2021\/08\/orka-fav-3x.png","width":180,"height":180,"caption":"Servis brodskih motora i penti"},"image":{"@id":"https:\/\/ncorka.hr\/#\/schema\/logo\/image\/"}}]}},"_links":{"self":[{"href":"https:\/\/ncorka.hr\/index.php\/wp-json\/wp\/v2\/pages\/3","targetHints":{"allow":["GET"]}}],"collection":[{"href":"https:\/\/ncorka.hr\/index.php\/wp-json\/wp\/v2\/pages"}],"about":[{"href":"https:\/\/ncorka.hr\/index.php\/wp-json\/wp\/v2\/types\/page"}],"author":[{"embeddable":true,"href":"https:\/\/ncorka.hr\/index.php\/wp-json\/wp\/v2\/users\/1"}],"replies":[{"embeddable":true,"href":"https:\/\/ncorka.hr\/index.php\/wp-json\/wp\/v2\/comments?post=3"}],"version-history":[{"count":3,"href":"https:\/\/ncorka.hr\/index.php\/wp-json\/wp\/v2\/pages\/3\/revisions"}],"predecessor-version":[{"id":494,"href":"https:\/\/ncorka.hr\/index.php\/wp-json\/wp\/v2\/pages\/3\/revisions\/494"}],"wp:attachment":[{"href":"https:\/\/ncorka.hr\/index.php\/wp-json\/wp\/v2\/media?parent=3"}],"curies":[{"name":"wp","href":"https:\/\/api.w.org\/{rel}","templated":true}]}}